{"id":728,"date":"2014-02-07T12:37:46","date_gmt":"2014-02-07T10:37:46","guid":{"rendered":"https:\/\/arge-texte.at\/?page_id=728"},"modified":"2021-02-05T17:23:55","modified_gmt":"2021-02-05T15:23:55","slug":"impressum-2","status":"publish","type":"page","link":"https:\/\/arge-texte.at\/index.php\/impressum-2\/","title":{"rendered":"IMPRESSUM"},"content":{"rendered":"<p>Mag. Heike Arlt<br \/>\nKraygasse 92\/2<br \/>\n1220 Wien<br \/>\nE-Mail: <a title=\"heike.arlt [at] arge-texte.at\" href=\"mailto:heike.arlt@arge-texte.at\">heike.arlt [at] arge-texte.at<\/a><br \/>\nUID-Nr.: ATU65415106<\/p>\n<p>F\u00fcr den Inhalt verantwortlich: Mag. Heike Arlt<br \/>\nKonzeption: Andrea Wegscheider-Protsch<br \/>\nText: Heike Arlt, Andrea Wegscheider-Protsch, Andrea Eder<br \/>\nFotos: H. Arlt<br \/>\nLogo: Lothar Ruttner<br \/>\nTheme: Designed with love by RocknRolla<br \/>\nPowered by: WordPress<\/p>\n<p>Alle Texte, Bilder, Grafiken unterliegen dem Urheberrecht und anderen Gesetzen zum Schutz geistigen Eigentums.\u00a0Sie d\u00fcrfen weder f\u00fcr Handelszwecke oder zur Weitergabe kopiert, noch ver\u00e4ndert und auf anderen Web-Sites verwendet werden.<\/p>\n<p>HAFTUNGSAUSSCHLUSS<br \/>\nIm Hinblick auf die technischen Eigenschaften des Internets kann keine Gew\u00e4hr f\u00fcr die Authentizit\u00e4t, Richtigkeit und Vollst\u00e4ndigkeit der im Internet zur Verf\u00fcgung gestellten Informationen \u00fcbernommen werden. Es wird auch keine Gew\u00e4hr f\u00fcr die Verf\u00fcgbarkeit oder den Betrieb der gegenst\u00e4ndlichen Homepage und ihrer Inhalte \u00fcbernommen.<br \/>\nJede Haftung f\u00fcr unmittelbare, mittelbare oder sonstige Sch\u00e4den, unabh\u00e4ngig von deren Ursachen, die aus der Benutzung oder Nichtverf\u00fcgbarkeit der Daten und Informationen dieser Homepage erwachsen, wird, soweit rechtlich zul\u00e4ssig, ausgeschlossen.<br \/>\nARGE Texte beh\u00e4lt es sich ausdr\u00fccklich vor, Teile der Seiten oder das gesamte Angebot ohne gesonderte Ank\u00fcndigung zu ver\u00e4ndern, zu erg\u00e4nzen, zu l\u00f6schen oder die Ver\u00f6ffentlichung zeitweise oder endg\u00fcltig einzustellen.<\/p>\n<p>VERWEISE UND LINKS<br \/>\nExterne Links (\u201eHyperlinks\u201c) werden von uns sorgf\u00e4ltig gepr\u00fcft. ARGE Texte \u00fcbernimmt keine Haftung f\u00fcr die Inhalte fremder Seiten, die Sie \u00fcber einen Link erreichen. F\u00fcr illegale, fehlerhafte oder unvollst\u00e4ndige Inhalte und insbesondere f\u00fcr Sch\u00e4den, die aus der Nutzung oder Nichtnutzung solcherart dargebotener Informationen auf fremden Seiten entstehen, ist ausschlie\u00dflich deren Betreiber verantwortlich.<\/p>\n<p>URHEBER- UND KENNZEICHNUNGSRECHT<br \/>\nDer Inhalt dieser Homepage ist urheberrechtlich gesch\u00fctzt. Die Informationen sind nur f\u00fcr die pers\u00f6nliche Verwendung bestimmt. Das Copyright f\u00fcr s\u00e4mtliche ver\u00f6ffentlichte, vom Autor selbst erstellte Objekte bleibt allein beim Autor der Seiten. Jede weitergehende Nutzung insbesondere die Speicherung in Datenbanken, Vervielf\u00e4ltigung und jede Form von gewerblicher Nutzung sowie die Weitergabe an Dritte \u2013 auch in Teilen oder in \u00fcberarbeiteter Form \u2013 ohne Zustimmung der jeweiligen Organisation ist untersagt.<\/p>\n","protected":false},"excerpt":{"rendered":"<p>Mag. Heike Arlt Kraygasse 92\/2 1220 Wien E-Mail: heike.arlt [at] arge-texte.at UID-Nr.: ATU65415106 F\u00fcr den Inhalt verantwortlich: Mag. Heike Arlt Konzeption: Andrea Wegscheider-Protsch Text: Heike Arlt, Andrea Wegscheider-Protsch, Andrea Eder Fotos: H. Arlt Logo: Lothar Ruttner Theme: Designed with love by RocknRolla Powered by: WordPress Alle Texte, Bilder, Grafiken unterliegen dem Urheberrecht und anderen Gesetzen&hellip;<\/p>\n<p><a href=\"https:\/\/arge-texte.at\/index.php\/impressum-2\/\" class=\"read-more-link\">Read More &rarr;<\/a><\/p>\n","protected":false},"author":1,"featured_media":0,"parent":0,"menu_order":0,"comment_status":"closed","ping_status":"closed","template":"","meta":{"footnotes":""},"class_list":["post-728","page","type-page","status-publish","hentry"],"_links":{"self":[{"href":"https:\/\/arge-texte.at\/index.php\/wp-json\/wp\/v2\/pages\/728","targetHints":{"allow":["GET"]}}],"collection":[{"href":"https:\/\/arge-texte.at\/index.php\/wp-json\/wp\/v2\/pages"}],"about":[{"href":"https:\/\/arge-texte.at\/index.php\/wp-json\/wp\/v2\/types\/page"}],"author":[{"embeddable":true,"href":"https:\/\/arge-texte.at\/index.php\/wp-json\/wp\/v2\/users\/1"}],"replies":[{"embeddable":true,"href":"https:\/\/arge-texte.at\/index.php\/wp-json\/wp\/v2\/comments?post=728"}],"version-history":[{"count":6,"href":"https:\/\/arge-texte.at\/index.php\/wp-json\/wp\/v2\/pages\/728\/revisions"}],"predecessor-version":[{"id":939,"href":"https:\/\/arge-texte.at\/index.php\/wp-json\/wp\/v2\/pages\/728\/revisions\/939"}],"wp:attachment":[{"href":"https:\/\/arge-texte.at\/index.php\/wp-json\/wp\/v2\/media?parent=728"}],"curies":[{"name":"wp","href":"https:\/\/api.w.org\/{rel}","templated":true}]}}